{"id":302,"date":"2019-10-24T09:58:09","date_gmt":"2019-10-24T09:58:09","guid":{"rendered":"http:\/\/in-cup.hu\/?page_id=302"},"modified":"2019-11-21T14:35:16","modified_gmt":"2019-11-21T14:35:16","slug":"about-us","status":"publish","type":"page","link":"https:\/\/in-cup.hu\/en\/about-us\/","title":{"rendered":"About us"},"content":{"rendered":"","protected":false},"excerpt":{"rendered":"","protected":false},"author":1,"featured_media":0,"parent":0,"menu_order":0,"comment_status":"closed","ping_status":"closed","template":"","meta":{"footnotes":""},"class_list":["post-302","page","type-page","status-publish","hentry"],"yoast_head":"<!-- This site is optimized with the Yoast SEO plugin v22.7 - https:\/\/yoast.com\/wordpress\/plugins\/seo\/ -->\n<title>About us - In-Cup<\/title>\n<meta name=\"robots\" content=\"index, follow, max-snippet:-1, max-image-preview:large, max-video-preview:-1\" \/>\n<link rel=\"canonical\" href=\"https:\/\/in-cup.hu\/en\/about-us\/\" \/>\n<meta property=\"og:locale\" content=\"en_US\" \/>\n<meta property=\"og:type\" content=\"article\" \/>\n<meta property=\"og:title\" content=\"About us - In-Cup\" \/>\n<meta property=\"og:url\" content=\"https:\/\/in-cup.hu\/en\/about-us\/\" \/>\n<meta property=\"og:site_name\" content=\"In-Cup\" \/>\n<meta property=\"article:modified_time\" content=\"2019-11-21T14:35:16+00:00\" \/>\n<meta name=\"twitter:card\" content=\"summary_large_image\" \/>\n<script type=\"application\/ld+json\" class=\"yoast-schema-graph\">{\"@context\":\"https:\/\/schema.org\",\"@graph\":[{\"@type\":\"WebPage\",\"@id\":\"https:\/\/in-cup.hu\/en\/about-us\/\",\"url\":\"https:\/\/in-cup.hu\/en\/about-us\/\",\"name\":\"About us - In-Cup\",\"isPartOf\":{\"@id\":\"https:\/\/in-cup.hu\/#website\"},\"datePublished\":\"2019-10-24T09:58:09+00:00\",\"dateModified\":\"2019-11-21T14:35:16+00:00\",\"breadcrumb\":{\"@id\":\"https:\/\/in-cup.hu\/en\/about-us\/#breadcrumb\"},\"inLanguage\":\"en-US\",\"potentialAction\":[{\"@type\":\"ReadAction\",\"target\":[\"https:\/\/in-cup.hu\/en\/about-us\/\"]}]},{\"@type\":\"BreadcrumbList\",\"@id\":\"https:\/\/in-cup.hu\/en\/about-us\/#breadcrumb\",\"itemListElement\":[{\"@type\":\"ListItem\",\"position\":1,\"name\":\"Home\",\"item\":\"https:\/\/in-cup.hu\/en\/\"},{\"@type\":\"ListItem\",\"position\":2,\"name\":\"About us\"}]},{\"@type\":\"WebSite\",\"@id\":\"https:\/\/in-cup.hu\/#website\",\"url\":\"https:\/\/in-cup.hu\/\",\"name\":\"In-Cup\",\"description\":\"csomagol\u00e1s- \u00e9s gy\u00e1rt\u00e1stechnikai megold\u00e1sok\",\"publisher\":{\"@id\":\"https:\/\/in-cup.hu\/#organization\"},\"potentialAction\":[{\"@type\":\"SearchAction\",\"target\":{\"@type\":\"EntryPoint\",\"urlTemplate\":\"https:\/\/in-cup.hu\/?s={search_term_string}\"},\"query-input\":\"required name=search_term_string\"}],\"inLanguage\":\"en-US\"},{\"@type\":\"Organization\",\"@id\":\"https:\/\/in-cup.hu\/#organization\",\"name\":\"In-Cup\",\"url\":\"https:\/\/in-cup.hu\/\",\"logo\":{\"@type\":\"ImageObject\",\"inLanguage\":\"en-US\",\"@id\":\"https:\/\/in-cup.hu\/#\/schema\/logo\/image\/\",\"url\":\"https:\/\/in-cup.hu\/wp-content\/uploads\/2019\/11\/cropped-logo-01.png\",\"contentUrl\":\"https:\/\/in-cup.hu\/wp-content\/uploads\/2019\/11\/cropped-logo-01.png\",\"width\":417,\"height\":417,\"caption\":\"In-Cup\"},\"image\":{\"@id\":\"https:\/\/in-cup.hu\/#\/schema\/logo\/image\/\"}}]}<\/script>\n<!-- \/ Yoast SEO plugin. -->","yoast_head_json":{"title":"About us - In-Cup","robots":{"index":"index","follow":"follow","max-snippet":"max-snippet:-1","max-image-preview":"max-image-preview:large","max-video-preview":"max-video-preview:-1"},"canonical":"https:\/\/in-cup.hu\/en\/about-us\/","og_locale":"en_US","og_type":"article","og_title":"About us - In-Cup","og_url":"https:\/\/in-cup.hu\/en\/about-us\/","og_site_name":"In-Cup","article_modified_time":"2019-11-21T14:35:16+00:00","twitter_card":"summary_large_image","schema":{"@context":"https:\/\/schema.org","@graph":[{"@type":"WebPage","@id":"https:\/\/in-cup.hu\/en\/about-us\/","url":"https:\/\/in-cup.hu\/en\/about-us\/","name":"About us - In-Cup","isPartOf":{"@id":"https:\/\/in-cup.hu\/#website"},"datePublished":"2019-10-24T09:58:09+00:00","dateModified":"2019-11-21T14:35:16+00:00","breadcrumb":{"@id":"https:\/\/in-cup.hu\/en\/about-us\/#breadcrumb"},"inLanguage":"en-US","potentialAction":[{"@type":"ReadAction","target":["https:\/\/in-cup.hu\/en\/about-us\/"]}]},{"@type":"BreadcrumbList","@id":"https:\/\/in-cup.hu\/en\/about-us\/#breadcrumb","itemListElement":[{"@type":"ListItem","position":1,"name":"Home","item":"https:\/\/in-cup.hu\/en\/"},{"@type":"ListItem","position":2,"name":"About us"}]},{"@type":"WebSite","@id":"https:\/\/in-cup.hu\/#website","url":"https:\/\/in-cup.hu\/","name":"In-Cup","description":"csomagol\u00e1s- \u00e9s gy\u00e1rt\u00e1stechnikai megold\u00e1sok","publisher":{"@id":"https:\/\/in-cup.hu\/#organization"},"potentialAction":[{"@type":"SearchAction","target":{"@type":"EntryPoint","urlTemplate":"https:\/\/in-cup.hu\/?s={search_term_string}"},"query-input":"required name=search_term_string"}],"inLanguage":"en-US"},{"@type":"Organization","@id":"https:\/\/in-cup.hu\/#organization","name":"In-Cup","url":"https:\/\/in-cup.hu\/","logo":{"@type":"ImageObject","inLanguage":"en-US","@id":"https:\/\/in-cup.hu\/#\/schema\/logo\/image\/","url":"https:\/\/in-cup.hu\/wp-content\/uploads\/2019\/11\/cropped-logo-01.png","contentUrl":"https:\/\/in-cup.hu\/wp-content\/uploads\/2019\/11\/cropped-logo-01.png","width":417,"height":417,"caption":"In-Cup"},"image":{"@id":"https:\/\/in-cup.hu\/#\/schema\/logo\/image\/"}}]}},"_links":{"self":[{"href":"https:\/\/in-cup.hu\/en\/wp-json\/wp\/v2\/pages\/302","targetHints":{"allow":["GET"]}}],"collection":[{"href":"https:\/\/in-cup.hu\/en\/wp-json\/wp\/v2\/pages"}],"about":[{"href":"https:\/\/in-cup.hu\/en\/wp-json\/wp\/v2\/types\/page"}],"author":[{"embeddable":true,"href":"https:\/\/in-cup.hu\/en\/wp-json\/wp\/v2\/users\/1"}],"replies":[{"embeddable":true,"href":"https:\/\/in-cup.hu\/en\/wp-json\/wp\/v2\/comments?post=302"}],"version-history":[{"count":2,"href":"https:\/\/in-cup.hu\/en\/wp-json\/wp\/v2\/pages\/302\/revisions"}],"predecessor-version":[{"id":344,"href":"https:\/\/in-cup.hu\/en\/wp-json\/wp\/v2\/pages\/302\/revisions\/344"}],"wp:attachment":[{"href":"https:\/\/in-cup.hu\/en\/wp-json\/wp\/v2\/media?parent=302"}],"curies":[{"name":"wp","href":"https:\/\/api.w.org\/{rel}","templated":true}]}}